{"id":4701,"date":"2018-05-14T14:52:52","date_gmt":"2018-05-14T12:52:52","guid":{"rendered":"http:\/\/essa.test\/inici-espanol\/"},"modified":"2024-12-14T18:21:23","modified_gmt":"2024-12-14T17:21:23","slug":"essa-arquitectes-sabadell-sostenibilidad-y-diseno-de-interiores","status":"publish","type":"page","link":"https:\/\/essa.cat\/es\/","title":{"rendered":"Inicio"},"content":{"rendered":"<div class=\"wpb-content-wrapper\"><p>[vc_row full_width=\u00bbstretch_row_content_no_spaces\u00bb no_bottom_margin=\u00bbyes\u00bb][vc_column]\n\t\t\t\t<p class=\"rs-p-wp-fix\"><\/p>\n\t\t\t\t<sr7-module data-alias=\"arquitectura-es\" data-id=\"5\" id=\"SR7_5_1\" data-version=\"6.7.52\">\n\t\t\t\t\t<sr7-adjuster><\/sr7-adjuster>\n\t\t\t\t\t<sr7-content>\n\t\t\t\t\t\t<sr7-slide id=\"SR7_5_1-6\" data-key=\"6\">\n\t\t\t\t\t\t\t<sr7-bg id=\"SR7_5_1-6-slidebg\" class=\"sr7-layer\"><noscript><img decoding=\"async\" src=\"https:\/\/www.essa.cat\/wp-content\/uploads\/2023\/02\/09-Llum-ESSA.jpg\" alt=\"\" title=\"09-Llum-ESSA\"><\/noscript><\/sr7-bg>\n\t\t\t\t\t\t\t<sr7-txt id=\"SR7_5_1-6-1\" class=\"sr7-layer\">Casa de la Luz<\/sr7-txt>\n\t\t\t\t\t\t\t<a id=\"SR7_5_1-6-13\" class=\"sr7-layer\" href=\"http:\/\/www.essa.cat\/es\/proyectos\/casa-de-la-luz\/\" target=\"_self\">Ver el proyecto \u279d<\/a>\n\t\t\t\t\t\t<\/sr7-slide>\n\t\t\t\t\t\t<sr7-slide id=\"SR7_5_1-4\" data-key=\"4\">\n\t\t\t\t\t\t\t<sr7-bg id=\"SR7_5_1-4-slidebg\" class=\"sr7-layer\"><noscript><img decoding=\"async\" src=\"https:\/\/www.essa.cat\/wp-content\/uploads\/2020\/04\/03-Estrella-ESSA.jpg\" alt=\"\" title=\"03-Estrella-ESSA\"><\/noscript><\/sr7-bg>\n\t\t\t\t\t\t\t<sr7-txt id=\"SR7_5_1-4-10\" class=\"sr7-layer\">Casa Estrella<\/sr7-txt>\n\t\t\t\t\t\t\t<a id=\"SR7_5_1-4-20\" class=\"sr7-layer\" href=\"http:\/\/www.essa.cat\/es\/proyectos\/casa-estrella\/\" target=\"_self\">Ver el Proyecto \u279d<\/a>\n\t\t\t\t\t\t<\/sr7-slide>\n\t\t\t\t\t\t<sr7-slide id=\"SR7_5_1-5\" data-key=\"5\">\n\t\t\t\t\t\t\t<sr7-bg id=\"SR7_5_1-5-slidebg\" class=\"sr7-layer\"><noscript><img decoding=\"async\" src=\"https:\/\/www.essa.cat\/wp-content\/uploads\/2021\/10\/09-Riego-ESSA.jpg\" alt=\"\" title=\"09-Riego-ESSA\"><\/noscript><\/sr7-bg>\n\t\t\t\t\t\t\t<sr7-txt id=\"SR7_5_1-5-18\" class=\"sr7-layer\">Casa Riego<\/sr7-txt>\n\t\t\t\t\t\t\t<a id=\"SR7_5_1-5-19\" class=\"sr7-layer\" href=\"http:\/\/www.essa.cat\/es\/proyectos\/casa-riego\/\" target=\"_self\">Ver el Proyecto \u279d<\/a>\n\t\t\t\t\t\t<\/sr7-slide>\n\t\t\t\t\t\t<sr7-slide id=\"SR7_5_1-11\" data-key=\"11\">\n\t\t\t\t\t\t<\/sr7-slide>\n\t\t\t\t\t<\/sr7-content>\n\t\t\t\t<\/sr7-module>\n\t\t\t\t<script>\n\t\t\t\t\twindow.SR7 ??={};SR7.PMH ??={}; SR7.PMH[\"SR7_5_1\"] = {cn:100,state:false,fn: function() { if (window._tpt!==undefined && window._tpt.prepareModuleHeight !== undefined) {  _tpt.prepareModuleHeight({id:\"SR7_5_1\",el:[820,650,650,300],type:'standard',shdw:'0',gh:[820,650,650,300],gw:[1290,1024,778,480],vpt:['-200px'],size:{fullWidth:true, fullHeight:false},mh:'700',onh:0,onw:0,bg:{color:'#eeeeee'},plType:'2',plColor:'#FFFFFF'});   SR7.PMH[\"SR7_5_1\"].state=true;} else if(SR7.PMH[\"SR7_5_1\"].cn-->0)\tsetTimeout( SR7.PMH[\"SR7_5_1\"].fn,19);}};SR7.PMH[\"SR7_5_1\" ].fn();\n\t\t\t\t<\/script>\n[\/vc_column][\/vc_row][vc_row][vc_column][vc_row_inner el_class=\u00bbhomepage-welcome\u00bb][vc_column_inner width=\u00bb1\/2&#8243;][lab_text_autotype typed_text=\u00bb<\/p>\n<h1>*Bienvenido;Willkommen;Bienvenue;Welcome;\u3088\u3046\u3053\u305d;Welkom;V\u00e4lkommen;\u6b61\u8fce;Benvingut;Mir\u00eb se vjen;Benvenuto;Bienvenido*<\/h1>\n<p>\u00bb typed_show_options=\u00bbyes\u00bb typed_options_cursorchar=\u00bb\u00bb typed_options_typespeed=\u00bb15&#8243; typed_options_backspeed=\u00bb10&#8243; typed_options_startdelay=\u00bb10&#8243; typed_options_backdelay=\u00bb1000&#8243;][\/vc_column_inner][vc_column_inner width=\u00bb1\/2&#8243; css=\u00bb.vc_custom_1526904907304{margin-bottom: 0px !important;}\u00bb][vc_column_text css=\u00bb.vc_custom_1697812064710{margin-bottom: 0px !important;}\u00bb]En la confluencia del arte la sostenibilidad y la tecnolog\u00eda de la edificaci\u00f3n, colaboramos con los clientes para crear edificios y entornos en di\u00e1logo con la cultura y el sitio.[\/vc_column_text][\/vc_column_inner][\/vc_row_inner][lab_portfolio_items category_filter=\u00bbno\u00bb portfolio_type=\u00bbtype-2&#8243; dynamic_image_height=\u00bbyes\u00bb more_link=\u00bburl:http%3A%2F%2Fwww.essa.cat%2Fes%2Fproyectos%2F|title:Ver%20nuestros%20%C3%BAltimos%20proyectos%20%E2%9E%9D\u00bb portfolio_query=\u00bbsize:3|order_by:date|order:DESC|post_type:portfolio|ignore_sticky_posts:1&#8243;][\/vc_column][\/vc_row][vc_row full_width=\u00bbstretch_row\u00bb css=\u00bb.vc_custom_1526904629092{margin-bottom: 0px !important;border-bottom-width: 1px !important;background-color: #222222 !important;border-bottom-color: #333333 !important;border-bottom-style: solid !important;}\u00bb el_class=\u00bbhomepage-service\u00bb][vc_column width=\u00bb1\/2&#8243; css=\u00bb.vc_custom_1526649956694{padding-top: 0px !important;}\u00bb][vc_column_text css=\u00bb.vc_custom_1660049175359{margin-bottom: 15px !important;padding-top: 0px !important;}\u00bb]<\/p>\n<h3><span style=\"color: #ffffff;\">Sostenibilidad<\/span><\/h3>\n<p>[\/vc_column_text][\/vc_column][vc_column width=\u00bb1\/2&#8243; css=\u00bb.vc_custom_1526649829873{padding-top: 0px !important;}\u00bb][vc_column_text css=\u00bb.vc_custom_1697812084659{margin-bottom: 0px !important;padding-top: 0px !important;}\u00bb]<span style=\"color: #999999;\">La sostenibilidad de un proyecto implica dar respuesta a una necesidad actual sin olvidar el compromiso con las generaciones futuras para que puedan atender a sus necesidades.<\/span>[\/vc_column_text][\/vc_column][\/vc_row][vc_row full_width=\u00bbstretch_row\u00bb css=\u00bb.vc_custom_1526904637398{margin-bottom: 0px !important;border-bottom-width: 1px !important;background-color: #222222 !important;border-bottom-color: #333333 !important;border-bottom-style: solid !important;}\u00bb el_class=\u00bbhomepage-service\u00bb][vc_column width=\u00bb1\/2&#8243; css=\u00bb.vc_custom_1526649938502{padding-top: 0px !important;}\u00bb][vc_column_text css=\u00bb.vc_custom_1697812144517{margin-bottom: 15px !important;}\u00bb]<\/p>\n<h3><span style=\"color: #ffffff;\">Dise\u00f1o de interiores<\/span><\/h3>\n<p>[\/vc_column_text][\/vc_column][vc_column width=\u00bb1\/2&#8243; css=\u00bb.vc_custom_1526649900433{padding-top: 0px !important;}\u00bb][vc_column_text css=\u00bb.vc_custom_1660049289943{margin-bottom: 0px !important;padding-top: 0px !important;}\u00bb]<span style=\"color: #999999;\">El arte de organizar el espacio interior. Cuando proyectamos un espacio interior lo hacemos considerando tanto aspectos est\u00e9ticos como funcionales.<\/span>[\/vc_column_text][\/vc_column][\/vc_row][vc_row full_width=\u00bbstretch_row\u00bb css=\u00bb.vc_custom_1526904643587{margin-bottom: 0px !important;background-color: #222222 !important;}\u00bb el_class=\u00bbhomepage-service\u00bb][vc_column width=\u00bb1\/2&#8243; css=\u00bb.vc_custom_1526649942112{padding-top: 0px !important;}\u00bb][vc_column_text css=\u00bb.vc_custom_1660049323301{margin-bottom: 15px !important;}\u00bb]<\/p>\n<h3><span style=\"color: #ffffff;\">Tecnolog\u00eda<\/span><\/h3>\n<p>[\/vc_column_text][\/vc_column][vc_column width=\u00bb1\/2&#8243; css=\u00bb.vc_custom_1526649885617{padding-top: 0px !important;}\u00bb][vc_column_text css=\u00bb.vc_custom_1660049342426{margin-bottom: 0px !important;padding-top: 0px !important;}\u00bb]<span style=\"color: #999999;\">Las construcciones o edificios inteligentes pueden tener un importante impacto en la sociedad. La tecnolog\u00eda en la arquitectura permite que las construcciones, que los edificios, se adapten a su entorno mucho m\u00e1s f\u00e1cilmente que los edificios que se han construido hasta ahora.<\/span>[\/vc_column_text][\/vc_column][\/vc_row][vc_row full_width=\u00bbstretch_row\u00bb css=\u00bb.vc_custom_1659997114069{padding-top: 50px !important;padding-bottom: 20px !important;background-color: #efefef !important;}\u00bb el_class=\u00bbhomepage-news\u00bb][vc_column css=\u00bb.vc_custom_1527248930879{padding-top: 0px !important;padding-bottom: 0px !important;}\u00bb][vc_row_inner][vc_column_inner][vc_column_text css=\u00bb.vc_custom_1697812212498{margin-bottom: 15px !important;}\u00bb]<\/p>\n<h2>Clientes y socios<\/h2>\n<p>[\/vc_column_text][\/vc_column_inner][\/vc_row_inner][lab_clients columns_count=\u00bb3&#8243; column_spacing=\u00bbyes\u00bb image_borders=\u00bbno\u00bb reveal_effect=\u00bbnone\u00bb hover_bg=\u00bbrgba(255,255,255,0.93)\u00bb hover_txt=\u00bb#0a0000&#8243; img_size=\u00bbmedium\u00bb height=\u00bb200&#8243; css=\u00bb.vc_custom_1602706223705{margin-bottom: 0px !important;padding-bottom: 0px !important;}\u00bb][lab_clients_entry image=\u00bb4793&#8243; title=\u00bbUnit4&#8243; link=\u00bburl:https%3A%2F%2Fwww.unit4.com%2Four-locations%2Fspain|target:_blank|\u00bb][lab_clients_entry image=\u00bb4797&#8243; title=\u00bbILLA Activa\u00bb link=\u00bburl:https%3A%2F%2Filla-activa.com%2F|target:_blank|\u00bb][lab_clients_entry image=\u00bb5827&#8243; title=\u00bbGrup Tort\u00bb link=\u00bburl:https%3A%2F%2Fgruptort.com%2F|target:_blank\u00bb][lab_clients_entry image=\u00bb4800&#8243; title=\u00bbBIS structures\u00bb link=\u00bburl:http%3A%2F%2Fwww.bisstructures.com%2Fca%2F|target:_blank|\u00bb][lab_clients_entry image=\u00bb4801&#8243; title=\u00bbEvowall Technology\u00bb link=\u00bburl:https%3A%2F%2Fevowall.com%2Fca%2F|target:_blank|\u00bb][lab_clients_entry image=\u00bb5561&#8243; title=\u00bbVasos Comunicants\u00bb link=\u00bburl:http%3A%2F%2Fwww.vasoscomunicants.cat%2F|target:_blank\u00bb][\/lab_clients][\/vc_column][\/vc_row]<\/p>\n<\/div>","protected":false},"excerpt":{"rendered":"<p>[vc_row full_width=\u00bbstretch_row_content_no_spaces\u00bb no_bottom_margin=\u00bbyes\u00bb][vc_column][\/vc_column][\/vc_row][vc_row][vc_column][vc_row_inner el_class=\u00bbhomepage-welcome\u00bb][vc_column_inner width=\u00bb1\/2&#8243;][lab_text_autotype typed_text=\u00bb *Bienvenido;Willkommen;Bienvenue;Welcome;\u3088\u3046\u3053\u305d;Welkom;V\u00e4lkommen;\u6b61\u8fce;Benvingut;Mir\u00eb se vjen;Benvenuto;Bienvenido* \u00bb typed_show_options=\u00bbyes\u00bb typed_options_cursorchar=\u00bb\u00bb typed_options_typespeed=\u00bb15&#8243; typed_options_backspeed=\u00bb10&#8243; typed_options_startdelay=\u00bb10&#8243; typed_options_backdelay=\u00bb1000&#8243;][\/vc_column_inner][vc_column_inner width=\u00bb1\/2&#8243; css=\u00bb.vc_custom_1526904907304{margin-bottom: 0px !important;}\u00bb][vc_column_text css=\u00bb.vc_custom_1697812064710{margin-bottom: 0px !important;}\u00bb]En la confluencia del arte la sostenibilidad y la tecnolog\u00eda de la edificaci\u00f3n, colaboramos con los clientes para crear edificios y entornos en di\u00e1logo con la cultura y el sitio.[\/vc_column_text][\/vc_column_inner][\/vc_row_inner][lab_portfolio_items category_filter=\u00bbno\u00bb portfolio_type=\u00bbtype-2&#8243; dynamic_image_height=\u00bbyes\u00bb&hellip;<\/p>\n","protected":false},"author":2,"featured_media":5924,"parent":0,"menu_order":0,"comment_status":"closed","ping_status":"closed","template":"","meta":{"_acf_changed":false,"footnotes":""},"class_list":["post-4701","page","type-page","status-publish","has-post-thumbnail","hentry"],"acf":[],"yoast_head":"<!-- This site is optimized with the Yoast SEO plugin v27.4 - https:\/\/yoast.com\/product\/yoast-seo-wordpress\/ -->\n<title>Inicio - ESSA - Arquitectura<\/title>\n<meta name=\"description\" content=\"Servicios de arquitecto especialistas en rehabilitaci\u00f3n de viviendas, sostenibilidad y dise\u00f1o de interiores.\" \/>\n<meta name=\"robots\" content=\"index, follow, max-snippet:-1, max-image-preview:large, max-video-preview:-1\" \/>\n<link rel=\"canonical\" href=\"https:\/\/essa.cat\/es\/\" \/>\n<meta property=\"og:locale\" content=\"es_ES\" \/>\n<meta property=\"og:type\" content=\"article\" \/>\n<meta property=\"og:title\" content=\"Inicio - ESSA - Arquitectura\" \/>\n<meta property=\"og:description\" content=\"Servicios de arquitecto especialistas en rehabilitaci\u00f3n de viviendas, sostenibilidad y dise\u00f1o de interiores.\" \/>\n<meta property=\"og:url\" content=\"https:\/\/essa.cat\/es\/\" \/>\n<meta property=\"og:site_name\" content=\"ESSA - Arquitectura\" \/>\n<meta property=\"article:modified_time\" content=\"2024-12-14T17:21:23+00:00\" \/>\n<meta property=\"og:image\" content=\"https:\/\/essa.cat\/wp-content\/uploads\/2022\/08\/essa_arquitectura_og.jpg\" \/>\n\t<meta property=\"og:image:width\" content=\"400\" \/>\n\t<meta property=\"og:image:height\" content=\"400\" \/>\n\t<meta property=\"og:image:type\" content=\"image\/jpeg\" \/>\n<meta name=\"twitter:card\" content=\"summary_large_image\" \/>\n<meta name=\"twitter:site\" content=\"@essa_arq\" \/>\n<meta name=\"twitter:label1\" content=\"Tiempo de lectura\" \/>\n\t<meta name=\"twitter:data1\" content=\"2 minutos\" \/>\n<script type=\"application\/ld+json\" class=\"yoast-schema-graph\">{\"@context\":\"https:\\\/\\\/schema.org\",\"@graph\":[{\"@type\":\"WebPage\",\"@id\":\"https:\\\/\\\/essa.cat\\\/es\\\/\",\"url\":\"https:\\\/\\\/essa.cat\\\/es\\\/\",\"name\":\"Inicio - ESSA - Arquitectura\",\"isPartOf\":{\"@id\":\"https:\\\/\\\/essa.cat\\\/#website\"},\"primaryImageOfPage\":{\"@id\":\"https:\\\/\\\/essa.cat\\\/es\\\/#primaryimage\"},\"image\":{\"@id\":\"https:\\\/\\\/essa.cat\\\/es\\\/#primaryimage\"},\"thumbnailUrl\":\"https:\\\/\\\/essa.cat\\\/wp-content\\\/uploads\\\/2022\\\/08\\\/essa_arquitectura_og.jpg\",\"datePublished\":\"2018-05-14T12:52:52+00:00\",\"dateModified\":\"2024-12-14T17:21:23+00:00\",\"description\":\"Servicios de arquitecto especialistas en rehabilitaci\u00f3n de viviendas, sostenibilidad y dise\u00f1o de interiores.\",\"breadcrumb\":{\"@id\":\"https:\\\/\\\/essa.cat\\\/es\\\/#breadcrumb\"},\"inLanguage\":\"es\",\"potentialAction\":[{\"@type\":\"ReadAction\",\"target\":[\"https:\\\/\\\/essa.cat\\\/es\\\/\"]}]},{\"@type\":\"ImageObject\",\"inLanguage\":\"es\",\"@id\":\"https:\\\/\\\/essa.cat\\\/es\\\/#primaryimage\",\"url\":\"https:\\\/\\\/essa.cat\\\/wp-content\\\/uploads\\\/2022\\\/08\\\/essa_arquitectura_og.jpg\",\"contentUrl\":\"https:\\\/\\\/essa.cat\\\/wp-content\\\/uploads\\\/2022\\\/08\\\/essa_arquitectura_og.jpg\",\"width\":400,\"height\":400},{\"@type\":\"BreadcrumbList\",\"@id\":\"https:\\\/\\\/essa.cat\\\/es\\\/#breadcrumb\",\"itemListElement\":[{\"@type\":\"ListItem\",\"position\":1,\"name\":\"Inici\",\"item\":\"https:\\\/\\\/essa.cat\\\/es\\\/\"},{\"@type\":\"ListItem\",\"position\":2,\"name\":\"Inicio\"}]},{\"@type\":\"WebSite\",\"@id\":\"https:\\\/\\\/essa.cat\\\/#website\",\"url\":\"https:\\\/\\\/essa.cat\\\/\",\"name\":\"ESSA - Arquitectura\",\"description\":\"Sostenibilidad, Arte y Tecnolog\u00eda\",\"publisher\":{\"@id\":\"https:\\\/\\\/essa.cat\\\/#organization\"},\"potentialAction\":[{\"@type\":\"SearchAction\",\"target\":{\"@type\":\"EntryPoint\",\"urlTemplate\":\"https:\\\/\\\/essa.cat\\\/?s={search_term_string}\"},\"query-input\":{\"@type\":\"PropertyValueSpecification\",\"valueRequired\":true,\"valueName\":\"search_term_string\"}}],\"inLanguage\":\"es\"},{\"@type\":\"Organization\",\"@id\":\"https:\\\/\\\/essa.cat\\\/#organization\",\"name\":\"ESSA - Arquitectura\",\"url\":\"https:\\\/\\\/essa.cat\\\/\",\"logo\":{\"@type\":\"ImageObject\",\"inLanguage\":\"es\",\"@id\":\"https:\\\/\\\/essa.cat\\\/#\\\/schema\\\/logo\\\/image\\\/\",\"url\":\"http:\\\/\\\/www.essa.cat\\\/wp-content\\\/uploads\\\/2022\\\/08\\\/essa_arquitectura_og.jpg\",\"contentUrl\":\"http:\\\/\\\/www.essa.cat\\\/wp-content\\\/uploads\\\/2022\\\/08\\\/essa_arquitectura_og.jpg\",\"width\":400,\"height\":400,\"caption\":\"ESSA - Arquitectura\"},\"image\":{\"@id\":\"https:\\\/\\\/essa.cat\\\/#\\\/schema\\\/logo\\\/image\\\/\"},\"sameAs\":[\"https:\\\/\\\/x.com\\\/essa_arq\",\"https:\\\/\\\/www.instagram.com\\\/essa.arquitectura\\\/\"]}]}<\/script>\n<!-- \/ Yoast SEO plugin. -->","yoast_head_json":{"title":"Inicio - ESSA - Arquitectura","description":"Servicios de arquitecto especialistas en rehabilitaci\u00f3n de viviendas, sostenibilidad y dise\u00f1o de interiores.","robots":{"index":"index","follow":"follow","max-snippet":"max-snippet:-1","max-image-preview":"max-image-preview:large","max-video-preview":"max-video-preview:-1"},"canonical":"https:\/\/essa.cat\/es\/","og_locale":"es_ES","og_type":"article","og_title":"Inicio - ESSA - Arquitectura","og_description":"Servicios de arquitecto especialistas en rehabilitaci\u00f3n de viviendas, sostenibilidad y dise\u00f1o de interiores.","og_url":"https:\/\/essa.cat\/es\/","og_site_name":"ESSA - Arquitectura","article_modified_time":"2024-12-14T17:21:23+00:00","og_image":[{"width":400,"height":400,"url":"https:\/\/essa.cat\/wp-content\/uploads\/2022\/08\/essa_arquitectura_og.jpg","type":"image\/jpeg"}],"twitter_card":"summary_large_image","twitter_site":"@essa_arq","twitter_misc":{"Tiempo de lectura":"2 minutos"},"schema":{"@context":"https:\/\/schema.org","@graph":[{"@type":"WebPage","@id":"https:\/\/essa.cat\/es\/","url":"https:\/\/essa.cat\/es\/","name":"Inicio - ESSA - Arquitectura","isPartOf":{"@id":"https:\/\/essa.cat\/#website"},"primaryImageOfPage":{"@id":"https:\/\/essa.cat\/es\/#primaryimage"},"image":{"@id":"https:\/\/essa.cat\/es\/#primaryimage"},"thumbnailUrl":"https:\/\/essa.cat\/wp-content\/uploads\/2022\/08\/essa_arquitectura_og.jpg","datePublished":"2018-05-14T12:52:52+00:00","dateModified":"2024-12-14T17:21:23+00:00","description":"Servicios de arquitecto especialistas en rehabilitaci\u00f3n de viviendas, sostenibilidad y dise\u00f1o de interiores.","breadcrumb":{"@id":"https:\/\/essa.cat\/es\/#breadcrumb"},"inLanguage":"es","potentialAction":[{"@type":"ReadAction","target":["https:\/\/essa.cat\/es\/"]}]},{"@type":"ImageObject","inLanguage":"es","@id":"https:\/\/essa.cat\/es\/#primaryimage","url":"https:\/\/essa.cat\/wp-content\/uploads\/2022\/08\/essa_arquitectura_og.jpg","contentUrl":"https:\/\/essa.cat\/wp-content\/uploads\/2022\/08\/essa_arquitectura_og.jpg","width":400,"height":400},{"@type":"BreadcrumbList","@id":"https:\/\/essa.cat\/es\/#breadcrumb","itemListElement":[{"@type":"ListItem","position":1,"name":"Inici","item":"https:\/\/essa.cat\/es\/"},{"@type":"ListItem","position":2,"name":"Inicio"}]},{"@type":"WebSite","@id":"https:\/\/essa.cat\/#website","url":"https:\/\/essa.cat\/","name":"ESSA - Arquitectura","description":"Sostenibilidad, Arte y Tecnolog\u00eda","publisher":{"@id":"https:\/\/essa.cat\/#organization"},"potentialAction":[{"@type":"SearchAction","target":{"@type":"EntryPoint","urlTemplate":"https:\/\/essa.cat\/?s={search_term_string}"},"query-input":{"@type":"PropertyValueSpecification","valueRequired":true,"valueName":"search_term_string"}}],"inLanguage":"es"},{"@type":"Organization","@id":"https:\/\/essa.cat\/#organization","name":"ESSA - Arquitectura","url":"https:\/\/essa.cat\/","logo":{"@type":"ImageObject","inLanguage":"es","@id":"https:\/\/essa.cat\/#\/schema\/logo\/image\/","url":"http:\/\/www.essa.cat\/wp-content\/uploads\/2022\/08\/essa_arquitectura_og.jpg","contentUrl":"http:\/\/www.essa.cat\/wp-content\/uploads\/2022\/08\/essa_arquitectura_og.jpg","width":400,"height":400,"caption":"ESSA - Arquitectura"},"image":{"@id":"https:\/\/essa.cat\/#\/schema\/logo\/image\/"},"sameAs":["https:\/\/x.com\/essa_arq","https:\/\/www.instagram.com\/essa.arquitectura\/"]}]}},"_links":{"self":[{"href":"https:\/\/essa.cat\/es\/wp-json\/wp\/v2\/pages\/4701","targetHints":{"allow":["GET"]}}],"collection":[{"href":"https:\/\/essa.cat\/es\/wp-json\/wp\/v2\/pages"}],"about":[{"href":"https:\/\/essa.cat\/es\/wp-json\/wp\/v2\/types\/page"}],"author":[{"embeddable":true,"href":"https:\/\/essa.cat\/es\/wp-json\/wp\/v2\/users\/2"}],"replies":[{"embeddable":true,"href":"https:\/\/essa.cat\/es\/wp-json\/wp\/v2\/comments?post=4701"}],"version-history":[{"count":3,"href":"https:\/\/essa.cat\/es\/wp-json\/wp\/v2\/pages\/4701\/revisions"}],"predecessor-version":[{"id":6221,"href":"https:\/\/essa.cat\/es\/wp-json\/wp\/v2\/pages\/4701\/revisions\/6221"}],"wp:featuredmedia":[{"embeddable":true,"href":"https:\/\/essa.cat\/es\/wp-json\/wp\/v2\/media\/5924"}],"wp:attachment":[{"href":"https:\/\/essa.cat\/es\/wp-json\/wp\/v2\/media?parent=4701"}],"curies":[{"name":"wp","href":"https:\/\/api.w.org\/{rel}","templated":true}]}}