{"id":4740,"date":"2020-10-10T19:53:33","date_gmt":"2020-10-10T17:53:33","guid":{"rendered":"http:\/\/essa.test\/?page_id=4740"},"modified":"2026-04-17T15:56:18","modified_gmt":"2026-04-17T13:56:18","slug":"estudio-darquitectura-a-sabadell-rehabilitacio-de-viviendas-y-diseno","status":"publish","type":"page","link":"https:\/\/essa.cat\/es\/estudio-darquitectura-a-sabadell-rehabilitacio-de-viviendas-y-diseno\/","title":{"rendered":"Estudio"},"content":{"rendered":"<div class=\"wpb-content-wrapper\"><p>[vc_row content_placement=\u00bbtop\u00bb css=\u00bb.vc_custom_1526906707598{padding-top: 25px !important;padding-bottom: 50px !important;}\u00bb][vc_column width=\u00bb1\/2&#8243; reveal_effect=\u00bbfadeIn\u00bb reveal_duration=\u00bb0.7&#8243;][vc_column_text css=\u00bb.vc_custom_1602359355625{margin-bottom: 15px !important;}\u00bb el_class=\u00bbpage-title-size\u00bb]<\/p>\n<h1>Estudio<\/h1>\n<p>[\/vc_column_text][\/vc_column][vc_column width=\u00bb1\/2&#8243;][vc_column_text css=\u00bb.vc_custom_1776434174873{margin-bottom: 0px !important;}\u00bb]<\/p>\n<h4><strong>ESSA<\/strong> es un estudio de arquitectura y dise\u00f1o dirigido por Arnau Sall\u00e9s Duran, arquitecto y docente, con una trayectoria consolidada con m\u00e1s de 15 a\u00f1os de experiencia y pasi\u00f3n y recorrido por delante para continuar creciendo.<\/h4>\n<p>[\/vc_column_text][\/vc_column][\/vc_row][vc_row parallax_enable=\u00bbyes\u00bb parallax_ratio=\u00bb0.7&#8243; css=\u00bb.vc_custom_1526982545668{margin-bottom: 0px !important;border-bottom-width: 1px !important;border-bottom-color: #eeeeee !important;border-bottom-style: solid !important;}\u00bb el_class=\u00bbservices-row\u00bb][vc_column width=\u00bb1\/2&#8243; reveal_effect=\u00bbfadeIn\u00bb reveal_duration=\u00bb1&#8243; offset=\u00bbvc_col-xs-12&#8243; css=\u00bb.vc_custom_1526912058775{padding-top: 0px !important;}\u00bb][vc_column_text css_animation=\u00bbbounceInLeft\u00bb css=\u00bb.vc_custom_1660944973432{margin-bottom: 0px !important;}\u00bb]<\/p>\n<h2>Desarrollando Conceptos<\/h2>\n<p>[\/vc_column_text][\/vc_column][vc_column width=\u00bb1\/2&#8243; reveal_effect=\u00bbfadeIn\u00bb reveal_duration=\u00bb1&#8243; css=\u00bb.vc_custom_1526912063220{padding-top: 0px !important;}\u00bb][lab_text_autotype typed_text=\u00bb<\/p>\n<h4>*Funcionalidad. Sostenibilidad. Racionalizaci\u00f3n de recursos. Flexibilidad. Satisfacci\u00f3n de necesidades. Transformaci\u00f3n de problemas iniciales en soluciones.*<\/h4>\n<p>\u00bb typed_show_options=\u00bbyes\u00bb typed_options_cursorchar=\u00bb\u00bb typed_options_typespeed=\u00bb15&#8243; typed_options_backspeed=\u00bb10&#8243; typed_options_startdelay=\u00bb1200&#8243;][\/vc_column][\/vc_row][vc_row full_width=\u00bbstretch_row\u00bb parallax=\u00bbcontent-moving\u00bb parallax_image=\u00bb5866&#8243; parallax_speed_bg=\u00bb1.4&#8243; css=\u00bb.vc_custom_1660906424373{padding-top: 150px !important;padding-bottom: 150px !important;}\u00bb][vc_column width=\u00bb1\/2&#8243;][vc_column_text css=\u00bb.vc_custom_1697811450420{padding-top: 35px !important;padding-right: 35px !important;padding-bottom: 35px !important;padding-left: 35px !important;background-color: rgba(255,255,255,0.97) !important;*background-color: rgb(255,255,255) !important;}\u00bb]<\/p>\n<h2 class=\"section-header section-header-bold\">Trabajo en equipo<\/h2>\n<p>&nbsp;<\/p>\n<p>Cuenta con el apoyo de profesionales colaboradores especializados en los diferentes \u00e1mbitos que constituyen todo el proceso arquitect\u00f3nico, tanto en la gesti\u00f3n como en la construcci\u00f3n.[\/vc_column_text][\/vc_column][vc_column width=\u00bb1\/2&#8243;][\/vc_column][\/vc_row][vc_row][vc_column][vc_row_inner el_class=\u00bbmembers\u00bb][vc_column_inner width=\u00bb1\/2&#8243;][vc_column_text]<\/p>\n<h2>Equipo<\/h2>\n<p>&nbsp;<\/p>\n<ul>\n<li>Arquitectura<\/li>\n<li>C\u00e1lculo de estructuras<\/li>\n<li>C\u00e1lculo de instalaciones<\/li>\n<li>Arquitecto t\u00e9cnico<\/li>\n<li>Fotograf\u00eda<\/li>\n<li>Promoci\u00f3n<\/li>\n<\/ul>\n<p>[\/vc_column_text][\/vc_column_inner][vc_column_inner el_class=\u00bbteam-member\u00bb width=\u00bb1\/2&#8243;][vc_single_image image=\u00bb5577&#8243; img_size=\u00bb800&#215;600&#8243; alignment=\u00bbcenter\u00bb css_animation=\u00bbnone\u00bb][vc_custom_heading text=\u00bbArnau Sall\u00e9s\u00bb font_container=\u00bbtag:h4|font_size:22|text_align:left\u00bb use_theme_fonts=\u00bbyes\u00bb][vc_column_text css_animation=\u00bbfadeInUp\u00bb css=\u00bb.vc_custom_1697811126155{margin-bottom: 0px !important;}\u00bb]Arquitecto[\/vc_column_text][\/vc_column_inner][\/vc_row_inner][vc_row_inner][vc_column_inner el_class=\u00bbteam-member\u00bb width=\u00bb1\/2&#8243;][vc_custom_heading text=\u00bbIldefons Valls\u00bb font_container=\u00bbtag:h4|font_size:22|text_align:left\u00bb use_theme_fonts=\u00bbyes\u00bb][vc_column_text css_animation=\u00bbfadeInUp\u00bb css=\u00bb.vc_custom_1697811111928{margin-bottom: 0px !important;}\u00bb]Arquitecto t\u00e9cnico[\/vc_column_text][\/vc_column_inner][vc_column_inner el_class=\u00bbteam-member\u00bb width=\u00bb1\/2&#8243;][vc_custom_heading text=\u00bbPep Sall\u00e9s\u00bb font_container=\u00bbtag:h4|font_size:22|text_align:left\u00bb use_theme_fonts=\u00bbyes\u00bb][vc_column_text css_animation=\u00bbfadeInUp\u00bb css=\u00bb.vc_custom_1660857962956{margin-bottom: 0px !important;}\u00bb]Interiorista[\/vc_column_text][\/vc_column_inner][\/vc_row_inner][vc_separator css_animation=\u00bbappear\u00bb][vc_row_inner][vc_column_inner el_class=\u00bbteam-member\u00bb width=\u00bb1\/2&#8243;][vc_custom_heading text=\u00bbPere Sobr\u00e9\u00bb font_container=\u00bbtag:h4|font_size:22|text_align:left\u00bb use_theme_fonts=\u00bbyes\u00bb][vc_column_text css_animation=\u00bbfadeInUp\u00bb css=\u00bb.vc_custom_1660857977128{margin-bottom: 0px !important;}\u00bb]C\u00e1lculo de estructuras[\/vc_column_text][vc_column_text css_animation=\u00bbfadeInUp\u00bb css=\u00bb.vc_custom_1660860236344{margin-bottom: 0px !important;}\u00bb]<em>Consultor\u00eda<\/em>[\/vc_column_text][\/vc_column_inner][vc_column_inner el_class=\u00bbteam-member\u00bb width=\u00bb1\/2&#8243;][vc_custom_heading text=\u00bbArnau Viaplana\u00bb font_container=\u00bbtag:h4|font_size:22|text_align:left\u00bb use_theme_fonts=\u00bbyes\u00bb link=\u00bburl:http%3A%2F%2Fwww.avcenginyeria.com%2Fes%2Findex.html|target:_blank\u00bb][vc_column_text css_animation=\u00bbfadeInUp\u00bb css=\u00bb.vc_custom_1660857986229{margin-bottom: 0px !important;}\u00bb]C\u00e1lculo de instalaciones[\/vc_column_text][vc_column_text css_animation=\u00bbfadeInUp\u00bb css=\u00bb.vc_custom_1660858179921{margin-bottom: 0px !important;}\u00bb]<em>AVC Enginyeria<\/em>[\/vc_column_text][\/vc_column_inner][\/vc_row_inner][vc_row_inner][vc_column_inner el_class=\u00bbteam-member\u00bb width=\u00bb1\/2&#8243;][vc_custom_heading text=\u00bbSalva Boada\u00bb font_container=\u00bbtag:h4|font_size:22|text_align:left\u00bb use_theme_fonts=\u00bbyes\u00bb link=\u00bburl:http%3A%2F%2Fwww.xairo.cat%2F|target:_blank\u00bb][vc_column_text css_animation=\u00bbfadeInUp\u00bb css=\u00bb.vc_custom_1697811150469{margin-bottom: 0px !important;}\u00bb]Arquitecto y arquitecto t\u00e9cnico[\/vc_column_text][vc_column_text css_animation=\u00bbfadeInUp\u00bb css=\u00bb.vc_custom_1660860430024{margin-bottom: 0px !important;}\u00bb]<em>Francesc Xair\u00f3 i Associats, S.L.P.<\/em>[\/vc_column_text][\/vc_column_inner][vc_column_inner el_class=\u00bbteam-member\u00bb width=\u00bb1\/2&#8243;][vc_custom_heading text=\u00bbAlbert Bestard\u00bb font_container=\u00bbtag:h4|font_size:22|text_align:left\u00bb use_theme_fonts=\u00bbyes\u00bb link=\u00bburl:https%3A%2F%2Fabpaisatgistes.cat%2Fes|target:_blank\u00bb][vc_column_text css_animation=\u00bbfadeInUp\u00bb css=\u00bb.vc_custom_1660858821625{margin-bottom: 0px !important;}\u00bb]Paisajista[\/vc_column_text][vc_column_text css_animation=\u00bbfadeInUp\u00bb css=\u00bb.vc_custom_1660858789359{margin-bottom: 0px !important;}\u00bb]<em>AB Paisatgistes<\/em>[\/vc_column_text][\/vc_column_inner][\/vc_row_inner][vc_separator css_animation=\u00bbappear\u00bb][vc_row_inner][vc_column_inner el_class=\u00bbteam-member\u00bb width=\u00bb1\/2&#8243;][vc_custom_heading text=\u00bbBIS Estructures\u00bb font_container=\u00bbtag:h4|font_size:22|text_align:left\u00bb use_theme_fonts=\u00bbyes\u00bb link=\u00bburl:http%3A%2F%2Fwww.bisstructures.com%2F|target:_blank\u00bb][vc_column_text css_animation=\u00bbfadeInUp\u00bb css=\u00bb.vc_custom_1660859170557{margin-bottom: 0px !important;}\u00bb]C\u00e1lculo de estructuras[\/vc_column_text][\/vc_column_inner][vc_column_inner el_class=\u00bbteam-member\u00bb width=\u00bb1\/2&#8243;][vc_custom_heading text=\u00bbEvoWall Technology\u00bb font_container=\u00bbtag:h4|font_size:22|text_align:left\u00bb use_theme_fonts=\u00bbyes\u00bb link=\u00bburl:https%3A%2F%2Fevowall.com%2F|target:_blank\u00bb][vc_column_text css_animation=\u00bbfadeInUp\u00bb css=\u00bb.vc_custom_1660859194150{margin-bottom: 0px !important;}\u00bb]Construcci\u00f3n Industrializada[\/vc_column_text][\/vc_column_inner][\/vc_row_inner][vc_row_inner][vc_column_inner el_class=\u00bbteam-member\u00bb width=\u00bb1\/2&#8243;][vc_custom_heading text=\u00bbVasos Comunicants\u00bb font_container=\u00bbtag:h4|font_size:22|text_align:left\u00bb use_theme_fonts=\u00bbyes\u00bb link=\u00bburl:http%3A%2F%2Fwww.vasoscomunicants.cat%2F|target:_blank\u00bb][vc_column_text css_animation=\u00bbfadeInUp\u00bb css=\u00bb.vc_custom_1660859177789{margin-bottom: 0px !important;}\u00bb]Empresa constructora[\/vc_column_text][\/vc_column_inner][vc_column_inner el_class=\u00bbteam-member\u00bb width=\u00bb1\/2&#8243;][vc_custom_heading text=\u00bbAndr\u00e9s Flajszer\u00bb font_container=\u00bbtag:h4|font_size:22|text_align:left\u00bb use_theme_fonts=\u00bbyes\u00bb link=\u00bburl:http%3A%2F%2Fwww.andresflajszer.com%2F|target:_blank\u00bb][vc_column_text css_animation=\u00bbfadeInUp\u00bb css=\u00bb.vc_custom_1660859185170{margin-bottom: 0px !important;}\u00bb]Fotograf\u00eda[\/vc_column_text][\/vc_column_inner][\/vc_row_inner][\/vc_column][\/vc_row]<\/p>\n<\/div>","protected":false},"excerpt":{"rendered":"<p>[vc_row content_placement=\u00bbtop\u00bb css=\u00bb.vc_custom_1526906707598{padding-top: 25px !important;padding-bottom: 50px !important;}\u00bb][vc_column width=\u00bb1\/2&#8243; reveal_effect=\u00bbfadeIn\u00bb reveal_duration=\u00bb0.7&#8243;][vc_column_text css=\u00bb.vc_custom_1602359355625{margin-bottom: 15px !important;}\u00bb el_class=\u00bbpage-title-size\u00bb] Estudio [\/vc_column_text][\/vc_column][vc_column width=\u00bb1\/2&#8243;][vc_column_text css=\u00bb.vc_custom_1776434174873{margin-bottom: 0px !important;}\u00bb] ESSA es un estudio de arquitectura y dise\u00f1o dirigido por Arnau Sall\u00e9s Duran, arquitecto y docente, con una trayectoria consolidada con m\u00e1s de 15 a\u00f1os de experiencia y pasi\u00f3n y recorrido por delante para continuar&hellip;<\/p>\n","protected":false},"author":2,"featured_media":0,"parent":0,"menu_order":2,"comment_status":"closed","ping_status":"closed","template":"","meta":{"_acf_changed":false,"footnotes":""},"class_list":["post-4740","page","type-page","status-publish","hentry"],"acf":[],"yoast_head":"<!-- This site is optimized with the Yoast SEO plugin v27.4 - https:\/\/yoast.com\/product\/yoast-seo-wordpress\/ -->\n<title>ESSA - Estudio de arquitectura en Sabadell<\/title>\n<meta name=\"description\" content=\"Estudio de arquitectura de referencia en Sabadell. Ofrecemos servicios de rehabilitaci\u00f3n de viviendas, fachadas y dise\u00f1o de interiores con un enfoque t\u00e9cnico y funcional.\" \/>\n<meta name=\"robots\" content=\"index, follow, max-snippet:-1, max-image-preview:large, max-video-preview:-1\" \/>\n<link rel=\"canonical\" href=\"https:\/\/essa.cat\/estudi-darquitectura-a-sabadell-rehabilitacio-de-vivendes-i-disseny\/\" \/>\n<meta property=\"og:locale\" content=\"es_ES\" \/>\n<meta property=\"og:type\" content=\"article\" \/>\n<meta property=\"og:title\" content=\"ESSA - Estudio de arquitectura en Sabadell\" \/>\n<meta property=\"og:description\" content=\"Estudio de arquitectura de referencia en Sabadell. Ofrecemos servicios de rehabilitaci\u00f3n de viviendas, fachadas y dise\u00f1o de interiores con un enfoque t\u00e9cnico y funcional.\" \/>\n<meta property=\"og:url\" content=\"https:\/\/essa.cat\/estudi-darquitectura-a-sabadell-rehabilitacio-de-vivendes-i-disseny\/\" \/>\n<meta property=\"og:site_name\" content=\"ESSA - Arquitectura\" \/>\n<meta property=\"article:modified_time\" content=\"2026-04-17T13:56:18+00:00\" \/>\n<meta name=\"twitter:card\" content=\"summary_large_image\" \/>\n<meta name=\"twitter:site\" content=\"@essa_arq\" \/>\n<meta name=\"twitter:label1\" content=\"Tiempo de lectura\" \/>\n\t<meta name=\"twitter:data1\" content=\"2 minutos\" \/>\n<script type=\"application\/ld+json\" class=\"yoast-schema-graph\">{\"@context\":\"https:\\\/\\\/schema.org\",\"@graph\":[{\"@type\":\"WebPage\",\"@id\":\"https:\\\/\\\/essa.cat\\\/estudi-darquitectura-a-sabadell-rehabilitacio-de-vivendes-i-disseny\\\/\",\"url\":\"https:\\\/\\\/essa.cat\\\/estudi-darquitectura-a-sabadell-rehabilitacio-de-vivendes-i-disseny\\\/\",\"name\":\"ESSA - Estudio de arquitectura en Sabadell\",\"isPartOf\":{\"@id\":\"https:\\\/\\\/essa.cat\\\/#website\"},\"datePublished\":\"2020-10-10T17:53:33+00:00\",\"dateModified\":\"2026-04-17T13:56:18+00:00\",\"description\":\"Estudio de arquitectura de referencia en Sabadell. Ofrecemos servicios de rehabilitaci\u00f3n de viviendas, fachadas y dise\u00f1o de interiores con un enfoque t\u00e9cnico y funcional.\",\"breadcrumb\":{\"@id\":\"https:\\\/\\\/essa.cat\\\/estudi-darquitectura-a-sabadell-rehabilitacio-de-vivendes-i-disseny\\\/#breadcrumb\"},\"inLanguage\":\"es\",\"potentialAction\":[{\"@type\":\"ReadAction\",\"target\":[\"https:\\\/\\\/essa.cat\\\/estudi-darquitectura-a-sabadell-rehabilitacio-de-vivendes-i-disseny\\\/\"]}]},{\"@type\":\"BreadcrumbList\",\"@id\":\"https:\\\/\\\/essa.cat\\\/estudi-darquitectura-a-sabadell-rehabilitacio-de-vivendes-i-disseny\\\/#breadcrumb\",\"itemListElement\":[{\"@type\":\"ListItem\",\"position\":1,\"name\":\"Inici\",\"item\":\"https:\\\/\\\/essa.cat\\\/es\\\/\"},{\"@type\":\"ListItem\",\"position\":2,\"name\":\"Estudio\"}]},{\"@type\":\"WebSite\",\"@id\":\"https:\\\/\\\/essa.cat\\\/#website\",\"url\":\"https:\\\/\\\/essa.cat\\\/\",\"name\":\"ESSA - Arquitectura\",\"description\":\"Sostenibilidad, Arte y Tecnolog\u00eda\",\"publisher\":{\"@id\":\"https:\\\/\\\/essa.cat\\\/#organization\"},\"potentialAction\":[{\"@type\":\"SearchAction\",\"target\":{\"@type\":\"EntryPoint\",\"urlTemplate\":\"https:\\\/\\\/essa.cat\\\/?s={search_term_string}\"},\"query-input\":{\"@type\":\"PropertyValueSpecification\",\"valueRequired\":true,\"valueName\":\"search_term_string\"}}],\"inLanguage\":\"es\"},{\"@type\":\"Organization\",\"@id\":\"https:\\\/\\\/essa.cat\\\/#organization\",\"name\":\"ESSA - Arquitectura\",\"url\":\"https:\\\/\\\/essa.cat\\\/\",\"logo\":{\"@type\":\"ImageObject\",\"inLanguage\":\"es\",\"@id\":\"https:\\\/\\\/essa.cat\\\/#\\\/schema\\\/logo\\\/image\\\/\",\"url\":\"http:\\\/\\\/www.essa.cat\\\/wp-content\\\/uploads\\\/2022\\\/08\\\/essa_arquitectura_og.jpg\",\"contentUrl\":\"http:\\\/\\\/www.essa.cat\\\/wp-content\\\/uploads\\\/2022\\\/08\\\/essa_arquitectura_og.jpg\",\"width\":400,\"height\":400,\"caption\":\"ESSA - Arquitectura\"},\"image\":{\"@id\":\"https:\\\/\\\/essa.cat\\\/#\\\/schema\\\/logo\\\/image\\\/\"},\"sameAs\":[\"https:\\\/\\\/x.com\\\/essa_arq\",\"https:\\\/\\\/www.instagram.com\\\/essa.arquitectura\\\/\"]}]}<\/script>\n<!-- \/ Yoast SEO plugin. -->","yoast_head_json":{"title":"ESSA - Estudio de arquitectura en Sabadell","description":"Estudio de arquitectura de referencia en Sabadell. Ofrecemos servicios de rehabilitaci\u00f3n de viviendas, fachadas y dise\u00f1o de interiores con un enfoque t\u00e9cnico y funcional.","robots":{"index":"index","follow":"follow","max-snippet":"max-snippet:-1","max-image-preview":"max-image-preview:large","max-video-preview":"max-video-preview:-1"},"canonical":"https:\/\/essa.cat\/estudi-darquitectura-a-sabadell-rehabilitacio-de-vivendes-i-disseny\/","og_locale":"es_ES","og_type":"article","og_title":"ESSA - Estudio de arquitectura en Sabadell","og_description":"Estudio de arquitectura de referencia en Sabadell. Ofrecemos servicios de rehabilitaci\u00f3n de viviendas, fachadas y dise\u00f1o de interiores con un enfoque t\u00e9cnico y funcional.","og_url":"https:\/\/essa.cat\/estudi-darquitectura-a-sabadell-rehabilitacio-de-vivendes-i-disseny\/","og_site_name":"ESSA - Arquitectura","article_modified_time":"2026-04-17T13:56:18+00:00","twitter_card":"summary_large_image","twitter_site":"@essa_arq","twitter_misc":{"Tiempo de lectura":"2 minutos"},"schema":{"@context":"https:\/\/schema.org","@graph":[{"@type":"WebPage","@id":"https:\/\/essa.cat\/estudi-darquitectura-a-sabadell-rehabilitacio-de-vivendes-i-disseny\/","url":"https:\/\/essa.cat\/estudi-darquitectura-a-sabadell-rehabilitacio-de-vivendes-i-disseny\/","name":"ESSA - Estudio de arquitectura en Sabadell","isPartOf":{"@id":"https:\/\/essa.cat\/#website"},"datePublished":"2020-10-10T17:53:33+00:00","dateModified":"2026-04-17T13:56:18+00:00","description":"Estudio de arquitectura de referencia en Sabadell. Ofrecemos servicios de rehabilitaci\u00f3n de viviendas, fachadas y dise\u00f1o de interiores con un enfoque t\u00e9cnico y funcional.","breadcrumb":{"@id":"https:\/\/essa.cat\/estudi-darquitectura-a-sabadell-rehabilitacio-de-vivendes-i-disseny\/#breadcrumb"},"inLanguage":"es","potentialAction":[{"@type":"ReadAction","target":["https:\/\/essa.cat\/estudi-darquitectura-a-sabadell-rehabilitacio-de-vivendes-i-disseny\/"]}]},{"@type":"BreadcrumbList","@id":"https:\/\/essa.cat\/estudi-darquitectura-a-sabadell-rehabilitacio-de-vivendes-i-disseny\/#breadcrumb","itemListElement":[{"@type":"ListItem","position":1,"name":"Inici","item":"https:\/\/essa.cat\/es\/"},{"@type":"ListItem","position":2,"name":"Estudio"}]},{"@type":"WebSite","@id":"https:\/\/essa.cat\/#website","url":"https:\/\/essa.cat\/","name":"ESSA - Arquitectura","description":"Sostenibilidad, Arte y Tecnolog\u00eda","publisher":{"@id":"https:\/\/essa.cat\/#organization"},"potentialAction":[{"@type":"SearchAction","target":{"@type":"EntryPoint","urlTemplate":"https:\/\/essa.cat\/?s={search_term_string}"},"query-input":{"@type":"PropertyValueSpecification","valueRequired":true,"valueName":"search_term_string"}}],"inLanguage":"es"},{"@type":"Organization","@id":"https:\/\/essa.cat\/#organization","name":"ESSA - Arquitectura","url":"https:\/\/essa.cat\/","logo":{"@type":"ImageObject","inLanguage":"es","@id":"https:\/\/essa.cat\/#\/schema\/logo\/image\/","url":"http:\/\/www.essa.cat\/wp-content\/uploads\/2022\/08\/essa_arquitectura_og.jpg","contentUrl":"http:\/\/www.essa.cat\/wp-content\/uploads\/2022\/08\/essa_arquitectura_og.jpg","width":400,"height":400,"caption":"ESSA - Arquitectura"},"image":{"@id":"https:\/\/essa.cat\/#\/schema\/logo\/image\/"},"sameAs":["https:\/\/x.com\/essa_arq","https:\/\/www.instagram.com\/essa.arquitectura\/"]}]}},"_links":{"self":[{"href":"https:\/\/essa.cat\/es\/wp-json\/wp\/v2\/pages\/4740","targetHints":{"allow":["GET"]}}],"collection":[{"href":"https:\/\/essa.cat\/es\/wp-json\/wp\/v2\/pages"}],"about":[{"href":"https:\/\/essa.cat\/es\/wp-json\/wp\/v2\/types\/page"}],"author":[{"embeddable":true,"href":"https:\/\/essa.cat\/es\/wp-json\/wp\/v2\/users\/2"}],"replies":[{"embeddable":true,"href":"https:\/\/essa.cat\/es\/wp-json\/wp\/v2\/comments?post=4740"}],"version-history":[{"count":5,"href":"https:\/\/essa.cat\/es\/wp-json\/wp\/v2\/pages\/4740\/revisions"}],"predecessor-version":[{"id":6297,"href":"https:\/\/essa.cat\/es\/wp-json\/wp\/v2\/pages\/4740\/revisions\/6297"}],"wp:attachment":[{"href":"https:\/\/essa.cat\/es\/wp-json\/wp\/v2\/media?parent=4740"}],"curies":[{"name":"wp","href":"https:\/\/api.w.org\/{rel}","templated":true}]}}