{"id":4956,"date":"2020-10-15T21:27:03","date_gmt":"2020-10-15T19:27:03","guid":{"rendered":"http:\/\/essa.test\/?page_id=4956"},"modified":"2023-10-20T17:12:06","modified_gmt":"2023-10-20T15:12:06","slug":"politica-de-privacidad","status":"publish","type":"page","link":"https:\/\/essa.cat\/es\/politica-de-privacidad\/","title":{"rendered":"Pol\u00edtica de privacidad"},"content":{"rendered":"\n<h2 class=\"wp-block-heading\">\u00bfQuienes somos?<\/h2>\n\n\n\n<h3 class=\"wp-block-heading\">ESSA Arquitectura<\/h3>\n\n\n\n<p>Calle Blasco de Garay, 30<\/p>\n\n\n\n<p>08202 Sabadell, Barcelona<\/p>\n\n\n\n<h2 class=\"wp-block-heading\" id=\"que-datos-personales-recogemos-y-por-que\">\u00bfQu\u00e9 datos personales recogemos y por qu\u00e9?<\/h2>\n\n\n\n<h3 class=\"wp-block-heading\" id=\"comentaris\">Comentarios<\/h3>\n\n\n\n<p>Este sitio web no tiene habilitados los comentarios. Tampoco se permite el registro de usuarios para poder acceder a esta funcionalidad.<\/p>\n\n\n\n<h3 class=\"wp-block-heading\" id=\"formularios-de-contacto\">Formularios de contacto<\/h3>\n\n\n\n<p><strong>Finalidad:<\/strong>&nbsp;Facilitar un medio para que os pod\u00e1is poner en contacto con nosotros y responder a vuestras solicitudes de informaci\u00f3n.<\/p>\n\n\n\n<p><strong>Legitimaci\u00f3n:<\/strong>&nbsp;El consentimiento del usuario al solicitarnos informaci\u00f3n a trav\u00e9s de uno de los formularios de contacto y marcar la casilla de aceptaci\u00f3n de esta Pol\u00edtica.<\/p>\n\n\n\n<p><strong>Conservaci\u00f3n:<\/strong>&nbsp;Hasta que se solicite la eliminaci\u00f3n de los mismos.<\/p>\n\n\n\n<p><strong>Observaciones:<\/strong>&nbsp;Con cualquier consulta hecha a trav\u00e9s del formulario, se env\u00eda una copia a la direcci\u00f3n indicada, para que tenga constancia.<\/p>\n\n\n\n<h3 class=\"wp-block-heading\" id=\"galletas\">Galletas<\/h3>\n\n\n\n<p>Toda la informaci\u00f3n relacionada con las galletas (Cookies) est\u00e1 descrita en nuestra&nbsp;<a href=\"\/es\/politica-de-cookies\/\">Pol\u00edtica de Cookies.<\/a><\/p>\n\n\n\n<h4 class=\"wp-block-heading\" id=\"contenido-incrustado-de-otros-sitios-web\">Contenido incrustado de otros sitios web<\/h4>\n\n\n\n<p>Los art\u00edculos en esta p\u00e1gina web incluye contenido incrustado (por ejemplo, v\u00eddeos, im\u00e1genes, art\u00edculos, etc.). El contenido incrustado desde otras p\u00e1ginas web se comporta exactamente de la misma forma como si el visitante estuviera visitando la otra p\u00e1gina web.<\/p>\n\n\n\n<p>Estas p\u00e1ginas web pueden recoger datos sobre usted, utilizar Cookies, incrustar seguimiento adicional de terceras partes, y monitorear la interacci\u00f3n con el contenido incrustado, incluyendo la traza de la interacci\u00f3n con el contenido incrustado si ten\u00e9is una cuenta y  se ha iniciado sesi\u00f3n en esta p\u00e1gina web.<\/p>\n\n\n\n<h4 class=\"wp-block-heading\" id=\"analiticas\">Estad\u00edsticas<\/h4>\n\n\n\n<p>En ese momento est\u00e1n deshabilitadas todas las funciones de seguimiento estad\u00edstico de este sitio web.<\/p>\n\n\n\n<h2 class=\"wp-block-heading\" id=\"destinatarios-de-sus-datos\">Destinatarios de vuestros datos<\/h2>\n\n\n\n<p>Los datos personales que nos facilit\u00e9is no se ceder\u00e1n a terceros salvo obligaci\u00f3n legal o mandato judicial. Estos datos estar\u00e1n almacenados en los servidores de SW Hosting and C.T. SL, situados en la Uni\u00f3n Europea (<a href=\"https:\/\/www.swhosting.com\/es\/legal\/info\">Pol\u00edtica de Privacidad de SW Hosting<\/a>).<\/p>\n\n\n\n<h2 class=\"wp-block-heading\" id=\"cuanto-tiempo-retenemos-los-datos\">\u00bfCu\u00e1nto tiempo retenemos los datos?<\/h2>\n\n\n\n<p>Hasta que solicit\u00e9is la eliminaci\u00f3n de los mismos.<\/p>\n\n\n\n<h2 class=\"wp-block-heading\" id=\"que-derechos-tiene-sobre-sus-datos\">\u00bfQu\u00e9 derechos tiene sobre vuestros datos?<\/h2>\n\n\n\n<p>Cualquier persona puede retirar su consentimiento en cualquier momento, cuando el mismo se haya otorgado para el tratamiento de sus datos.<\/p>\n\n\n\n<p>Igualmente, pod\u00e9is ejercer los siguientes derechos:<\/p>\n\n\n\n<ul class=\"wp-block-list\">\n<li>Solicitar el acceso a sus datos personales o su rectificaci\u00f3n cuando sean inexactos<\/li>\n\n\n\n<li>Solicitar su supresi\u00f3n cuando, entre otros motivos, los datos ya no sean necesarios para los fines para los que fueron recogidos<\/li>\n\n\n\n<li>Solicitar la limitaci\u00f3n de su tratamiento en determinadas circunstancias<\/li>\n\n\n\n<li>Solicitar la oposici\u00f3n al tratamiento de vuestros datos por motivos relacionados con vuestra situaci\u00f3n particular<\/li>\n\n\n\n<li>Solicitar la portabilidad de los datos en los casos previstos en la normativa<\/li>\n\n\n\n<li>Otros derechos reconocidos en las normativas aplicables<\/li>\n<\/ul>\n\n\n\n<p>Pod\u00e9is ejercer estos derechos mediante correo electr\u00f3nico dirigido a&nbsp;<a rel=\"noreferrer noopener\" href=\"mailto:info@www.essa.cat\" data-type=\"mailto\" target=\"_blank\">info@www.essa.cat<\/a>&nbsp;o mediante escrito postal dirigido a la direcci\u00f3n indicada en el primer apartado de esta Pol\u00edtica de Privacidad.<\/p>\n\n\n\n<p>En caso de divergencias con nosotros en relaci\u00f3n con el tratamiento de vuestros datos, pod\u00e9is presentar una reclamaci\u00f3n ante la <a rel=\"noreferrer noopener\" href=\"http:\/\/www.agpd.es\/\" target=\"_blank\">Autoridad de Control (AGPD)<\/a>.<\/p>\n\n\n\n<h2 class=\"wp-block-heading\" id=\"que-cuidado-tenemos-de-sus-datos\">\u00bfQu\u00e9 cuidado tenemos de vuestros datos?<\/h2>\n\n\n\n<p>Con el objetivo de salvaguardar los datos personales suministrados, hemos adoptado todas las medidas de \u00edndole t\u00e9cnica y organizativa necesarias para garantizar la seguridad de los mismos, de su alteraci\u00f3n, p\u00e9rdida y tratamientos o accesos no autorizados.<\/p>\n\n\n\n<h2 class=\"wp-block-heading\" id=\"como-actualizar-sus-datos\">\u00bfC\u00f3mo actualizar vuestros datos?<\/h2>\n\n\n\n<p>Es importante que, para que se puedan mantener vuestros datos personales actualizados, nos inform\u00e9is siempre que haya habido alguna modificaci\u00f3n en ellos. En caso contrario, no podemos responder de la veracidad de los mismos.<\/p>\n\n\n\n<p>No nos hacemos responsables de la Pol\u00edtica de Privacidad respecto a los datos personales que pod\u00e1is facilitar a terceros mediante los enlaces disponibles en este sitio web.<\/p>\n\n\n\n<h2 class=\"wp-block-heading\" id=\"actualizamos-esta-politica-de-privacidad\">Actualizamos esta Pol\u00edtica de Privacidad<\/h2>\n\n\n\n<p>Es posible que actualicemos la Pol\u00edtica de Privacidad de este sitio web, por eso os recomendamos revisar esta Pol\u00edtica cada vez que acced\u00e1is a este sitio web con el objetivo de estar adecuadamente informados. Esta Pol\u00edtica de Privacidad se actualiz\u00f3 por \u00faltima vez a fecha 12 de agosto de 2022.<\/p>\n","protected":false},"excerpt":{"rendered":"<p>\u00bfQuienes somos? ESSA Arquitectura Calle Blasco de Garay, 30 08202 Sabadell, Barcelona \u00bfQu\u00e9 datos personales recogemos y por qu\u00e9? Comentarios Este sitio web no tiene habilitados los comentarios. Tampoco se permite el registro de usuarios para poder acceder a esta funcionalidad. Formularios de contacto Finalidad:&nbsp;Facilitar un medio para que os pod\u00e1is poner en contacto con&hellip;<\/p>\n","protected":false},"author":2,"featured_media":0,"parent":0,"menu_order":10,"comment_status":"closed","ping_status":"closed","template":"","meta":{"_acf_changed":false,"footnotes":""},"class_list":["post-4956","page","type-page","status-publish","hentry"],"acf":[],"yoast_head":"<!-- This site is optimized with the Yoast SEO plugin v27.4 - https:\/\/yoast.com\/product\/yoast-seo-wordpress\/ -->\n<title>Pol\u00edtica de privacidad - ESSA - Arquitectura<\/title>\n<meta name=\"robots\" content=\"index, follow, max-snippet:-1, max-image-preview:large, max-video-preview:-1\" \/>\n<link rel=\"canonical\" href=\"https:\/\/essa.cat\/politica-de-privadesa\/\" \/>\n<meta property=\"og:locale\" content=\"es_ES\" \/>\n<meta property=\"og:type\" content=\"article\" \/>\n<meta property=\"og:title\" content=\"Pol\u00edtica de privacidad - ESSA - Arquitectura\" \/>\n<meta property=\"og:description\" content=\"\u00bfQuienes somos? ESSA Arquitectura Calle Blasco de Garay, 30 08202 Sabadell, Barcelona \u00bfQu\u00e9 datos personales recogemos y por qu\u00e9? Comentarios Este sitio web no tiene habilitados los comentarios. Tampoco se permite el registro de usuarios para poder acceder a esta funcionalidad. Formularios de contacto Finalidad:&nbsp;Facilitar un medio para que os pod\u00e1is poner en contacto con&hellip;\" \/>\n<meta property=\"og:url\" content=\"https:\/\/essa.cat\/politica-de-privadesa\/\" \/>\n<meta property=\"og:site_name\" content=\"ESSA - Arquitectura\" \/>\n<meta property=\"article:modified_time\" content=\"2023-10-20T15:12:06+00:00\" \/>\n<meta name=\"twitter:card\" content=\"summary_large_image\" \/>\n<meta name=\"twitter:site\" content=\"@essa_arq\" \/>\n<meta name=\"twitter:label1\" content=\"Tiempo de lectura\" \/>\n\t<meta name=\"twitter:data1\" content=\"4 minutos\" \/>\n<script type=\"application\/ld+json\" class=\"yoast-schema-graph\">{\"@context\":\"https:\\\/\\\/schema.org\",\"@graph\":[{\"@type\":\"WebPage\",\"@id\":\"https:\\\/\\\/essa.cat\\\/politica-de-privadesa\\\/\",\"url\":\"https:\\\/\\\/essa.cat\\\/politica-de-privadesa\\\/\",\"name\":\"Pol\u00edtica de privacidad - ESSA - Arquitectura\",\"isPartOf\":{\"@id\":\"https:\\\/\\\/essa.cat\\\/#website\"},\"datePublished\":\"2020-10-15T19:27:03+00:00\",\"dateModified\":\"2023-10-20T15:12:06+00:00\",\"breadcrumb\":{\"@id\":\"https:\\\/\\\/essa.cat\\\/politica-de-privadesa\\\/#breadcrumb\"},\"inLanguage\":\"es\",\"potentialAction\":[{\"@type\":\"ReadAction\",\"target\":[\"https:\\\/\\\/essa.cat\\\/politica-de-privadesa\\\/\"]}]},{\"@type\":\"BreadcrumbList\",\"@id\":\"https:\\\/\\\/essa.cat\\\/politica-de-privadesa\\\/#breadcrumb\",\"itemListElement\":[{\"@type\":\"ListItem\",\"position\":1,\"name\":\"Inici\",\"item\":\"https:\\\/\\\/essa.cat\\\/es\\\/\"},{\"@type\":\"ListItem\",\"position\":2,\"name\":\"Pol\u00edtica de privacidad\"}]},{\"@type\":\"WebSite\",\"@id\":\"https:\\\/\\\/essa.cat\\\/#website\",\"url\":\"https:\\\/\\\/essa.cat\\\/\",\"name\":\"ESSA - Arquitectura\",\"description\":\"Sostenibilidad, Arte y Tecnolog\u00eda\",\"publisher\":{\"@id\":\"https:\\\/\\\/essa.cat\\\/#organization\"},\"potentialAction\":[{\"@type\":\"SearchAction\",\"target\":{\"@type\":\"EntryPoint\",\"urlTemplate\":\"https:\\\/\\\/essa.cat\\\/?s={search_term_string}\"},\"query-input\":{\"@type\":\"PropertyValueSpecification\",\"valueRequired\":true,\"valueName\":\"search_term_string\"}}],\"inLanguage\":\"es\"},{\"@type\":\"Organization\",\"@id\":\"https:\\\/\\\/essa.cat\\\/#organization\",\"name\":\"ESSA - Arquitectura\",\"url\":\"https:\\\/\\\/essa.cat\\\/\",\"logo\":{\"@type\":\"ImageObject\",\"inLanguage\":\"es\",\"@id\":\"https:\\\/\\\/essa.cat\\\/#\\\/schema\\\/logo\\\/image\\\/\",\"url\":\"http:\\\/\\\/www.essa.cat\\\/wp-content\\\/uploads\\\/2022\\\/08\\\/essa_arquitectura_og.jpg\",\"contentUrl\":\"http:\\\/\\\/www.essa.cat\\\/wp-content\\\/uploads\\\/2022\\\/08\\\/essa_arquitectura_og.jpg\",\"width\":400,\"height\":400,\"caption\":\"ESSA - Arquitectura\"},\"image\":{\"@id\":\"https:\\\/\\\/essa.cat\\\/#\\\/schema\\\/logo\\\/image\\\/\"},\"sameAs\":[\"https:\\\/\\\/x.com\\\/essa_arq\",\"https:\\\/\\\/www.instagram.com\\\/essa.arquitectura\\\/\"]}]}<\/script>\n<!-- \/ Yoast SEO plugin. -->","yoast_head_json":{"title":"Pol\u00edtica de privacidad - ESSA - Arquitectura","robots":{"index":"index","follow":"follow","max-snippet":"max-snippet:-1","max-image-preview":"max-image-preview:large","max-video-preview":"max-video-preview:-1"},"canonical":"https:\/\/essa.cat\/politica-de-privadesa\/","og_locale":"es_ES","og_type":"article","og_title":"Pol\u00edtica de privacidad - ESSA - Arquitectura","og_description":"\u00bfQuienes somos? ESSA Arquitectura Calle Blasco de Garay, 30 08202 Sabadell, Barcelona \u00bfQu\u00e9 datos personales recogemos y por qu\u00e9? Comentarios Este sitio web no tiene habilitados los comentarios. Tampoco se permite el registro de usuarios para poder acceder a esta funcionalidad. Formularios de contacto Finalidad:&nbsp;Facilitar un medio para que os pod\u00e1is poner en contacto con&hellip;","og_url":"https:\/\/essa.cat\/politica-de-privadesa\/","og_site_name":"ESSA - Arquitectura","article_modified_time":"2023-10-20T15:12:06+00:00","twitter_card":"summary_large_image","twitter_site":"@essa_arq","twitter_misc":{"Tiempo de lectura":"4 minutos"},"schema":{"@context":"https:\/\/schema.org","@graph":[{"@type":"WebPage","@id":"https:\/\/essa.cat\/politica-de-privadesa\/","url":"https:\/\/essa.cat\/politica-de-privadesa\/","name":"Pol\u00edtica de privacidad - ESSA - Arquitectura","isPartOf":{"@id":"https:\/\/essa.cat\/#website"},"datePublished":"2020-10-15T19:27:03+00:00","dateModified":"2023-10-20T15:12:06+00:00","breadcrumb":{"@id":"https:\/\/essa.cat\/politica-de-privadesa\/#breadcrumb"},"inLanguage":"es","potentialAction":[{"@type":"ReadAction","target":["https:\/\/essa.cat\/politica-de-privadesa\/"]}]},{"@type":"BreadcrumbList","@id":"https:\/\/essa.cat\/politica-de-privadesa\/#breadcrumb","itemListElement":[{"@type":"ListItem","position":1,"name":"Inici","item":"https:\/\/essa.cat\/es\/"},{"@type":"ListItem","position":2,"name":"Pol\u00edtica de privacidad"}]},{"@type":"WebSite","@id":"https:\/\/essa.cat\/#website","url":"https:\/\/essa.cat\/","name":"ESSA - Arquitectura","description":"Sostenibilidad, Arte y Tecnolog\u00eda","publisher":{"@id":"https:\/\/essa.cat\/#organization"},"potentialAction":[{"@type":"SearchAction","target":{"@type":"EntryPoint","urlTemplate":"https:\/\/essa.cat\/?s={search_term_string}"},"query-input":{"@type":"PropertyValueSpecification","valueRequired":true,"valueName":"search_term_string"}}],"inLanguage":"es"},{"@type":"Organization","@id":"https:\/\/essa.cat\/#organization","name":"ESSA - Arquitectura","url":"https:\/\/essa.cat\/","logo":{"@type":"ImageObject","inLanguage":"es","@id":"https:\/\/essa.cat\/#\/schema\/logo\/image\/","url":"http:\/\/www.essa.cat\/wp-content\/uploads\/2022\/08\/essa_arquitectura_og.jpg","contentUrl":"http:\/\/www.essa.cat\/wp-content\/uploads\/2022\/08\/essa_arquitectura_og.jpg","width":400,"height":400,"caption":"ESSA - Arquitectura"},"image":{"@id":"https:\/\/essa.cat\/#\/schema\/logo\/image\/"},"sameAs":["https:\/\/x.com\/essa_arq","https:\/\/www.instagram.com\/essa.arquitectura\/"]}]}},"_links":{"self":[{"href":"https:\/\/essa.cat\/es\/wp-json\/wp\/v2\/pages\/4956","targetHints":{"allow":["GET"]}}],"collection":[{"href":"https:\/\/essa.cat\/es\/wp-json\/wp\/v2\/pages"}],"about":[{"href":"https:\/\/essa.cat\/es\/wp-json\/wp\/v2\/types\/page"}],"author":[{"embeddable":true,"href":"https:\/\/essa.cat\/es\/wp-json\/wp\/v2\/users\/2"}],"replies":[{"embeddable":true,"href":"https:\/\/essa.cat\/es\/wp-json\/wp\/v2\/comments?post=4956"}],"version-history":[{"count":1,"href":"https:\/\/essa.cat\/es\/wp-json\/wp\/v2\/pages\/4956\/revisions"}],"predecessor-version":[{"id":6224,"href":"https:\/\/essa.cat\/es\/wp-json\/wp\/v2\/pages\/4956\/revisions\/6224"}],"wp:attachment":[{"href":"https:\/\/essa.cat\/es\/wp-json\/wp\/v2\/media?parent=4956"}],"curies":[{"name":"wp","href":"https:\/\/api.w.org\/{rel}","templated":true}]}}