{"id":5671,"date":"2022-08-12T13:38:05","date_gmt":"2022-08-12T11:38:05","guid":{"rendered":"http:\/\/essa.test\/?page_id=5671"},"modified":"2023-10-20T17:12:27","modified_gmt":"2023-10-20T15:12:27","slug":"politica-de-cookies","status":"publish","type":"page","link":"https:\/\/essa.cat\/es\/politica-de-cookies\/","title":{"rendered":"Pol\u00edtica de cookies"},"content":{"rendered":"\n<h2 class=\"wp-block-heading\">Sobre esta Pol\u00edtica de Cookies<\/h2>\n\n\n\n<p>Esta Pol\u00edtica de Cookies explica qu\u00e9 son las cookies y c\u00f3mo las usamos, los tipos de cookies que usamos, es decir, la informaci\u00f3n que recopilamos usando cookies y c\u00f3mo se usa esa informaci\u00f3n, y c\u00f3mo controlar las preferencias de Cookies. Para obtener m\u00e1s informaci\u00f3n sobre c\u00f3mo usamos, almacenamos y mantenemos seguros sus datos personales, consulta nuestra <a href=\"\/es\/politica-de-privacidad\/\">Pol\u00edtica de Privacidad<\/a>.<\/p>\n\n\n\n<ul class=\"wp-block-list\">\n<li>En cualquier momento puedes cambiar o retirar tu consentimiento de la Declaraci\u00f3n de Cookies en nuestro sitio web.<\/li>\n\n\n\n<li>Obt\u00e9n m\u00e1s informaci\u00f3n sobre qui\u00e9nes somos, c\u00f3mo puedes contactarnos y c\u00f3mo procesamos los datos personales en nuestra <a href=\"\/es\/politica-de-privacidad\/\">Pol\u00edtica de Privacidad<\/a>.<\/li>\n\n\n\n<li>Tu consentimiento se aplica a los siguientes dominios: <strong>www.essa.cat<\/strong><\/li>\n\n\n\n<li><div class=\"cli_user_consent_state\">Tu estado actual: No se ha dado el consentimiento. <a class=\"cli_manage_current_consent\" style=\"cursor:pointer;text-decoration:underline;\">Gestiona tu consentimiento.<\/a> <\/div><\/li>\n<\/ul>\n\n\n\n<h2 class=\"wp-block-heading\">\u00bfQu\u00e9 son las Cookies?<\/h2>\n\n\n\n<p>Las Cookies son peque\u00f1os archivos de texto que se utilizan para almacenar peque\u00f1os fragmentos de informaci\u00f3n. Se almacenan en tu dispositivo cuando el sitio web se carga en tu navegador. Estas Cookies nos ayudan a hacer que el sitio web funcione correctamente, hacerlo m\u00e1s seguro, brindar una mejor experiencia de usuario y comprender c\u00f3mo funciona el sitio web y analizar qu\u00e9 funciona y d\u00f3nde necesita mejorar.<\/p>\n\n\n\n<h2 class=\"wp-block-heading\">\u00bfC\u00f3mo usamos las Cookies?<\/h2>\n\n\n\n<p>Como la mayor\u00eda de los servicios en l\u00ednea, nuestro sitio web utiliza Cookies propias y de terceros para varios prop\u00f3sitos. Las Cookies de origen son en su mayor\u00eda necesarias para que el sitio web funcione correctamente y no recopilan ninguno de sus datos de identificaci\u00f3n personal.<\/p>\n\n\n\n<p>Las Cookies de terceros utilizadas en nuestro sitio web son principalmente para comprender c\u00f3mo funciona el sitio web, c\u00f3mo interact\u00faa con nuestro sitio web, mantener nuestros servicios seguros, proporcionar anuncios que son relevantes para ti y, en general, brindarte un usuario mejor y mejorado. experimentar y ayudar a acelerar tus futuras interacciones con nuestro sitio web.<\/p>\n\n\n\n<h2 class=\"wp-block-heading\">\u00bfQu\u00e9 tipos de Cookies utilizamos?<\/h2>\n\n\n\n<ul class=\"wp-block-list\">\n<li><strong>Necesaria:<\/strong> Estas Cookies son absolutamente esenciales para que el sitio web funcione correctamente. Estas Cookies garantizan funcionalidades b\u00e1sicas y caracter\u00edsticas de seguridad del sitio web, de forma an\u00f3nima.<\/li>\n\n\n\n<li><strong>Funcional:<\/strong> Algunas Cookies son esenciales para que pueda experimentar la funcionalidad completa de nuestro sitio. Nos permiten mantener las sesiones de los usuarios y prevenir cualquier amenaza a la seguridad. No recopilan ni almacenan ninguna informaci\u00f3n personal.<\/li>\n<\/ul>\n\n\n\n<p>La siguiente lista detalla las Cookies utilizadas en nuestro sitio web.<\/p><table class=\"cookielawinfo-row-cat-table cookielawinfo-classic\"><thead><tr><th class=\"cookielawinfo-column-1\">Cookie<\/th><th class=\"cookielawinfo-column-4\">Descripci\u00f3n<\/th><\/tr><\/thead><tbody><tr class=\"cookielawinfo-row\"><td class=\"cookielawinfo-column-1\">cookielawinfo-checkbox-estadistica<\/td><td class=\"cookielawinfo-column-4\">Esta Cookie est\u00e1 configurada por el plugin de Consentimiento de Cookies de GDPR. La Cookie se utiliza para almacenar el consentimiento del usuario para las Cookies en la categor\u00eda \"Estad\u00edstica\".<\/td><\/tr><tr class=\"cookielawinfo-row\"><td class=\"cookielawinfo-column-1\">cookielawinfo-checkbox-funcional<\/td><td class=\"cookielawinfo-column-4\">Esta Cookie est\u00e1 configurada por el plugin de Consentimiento de Cookies de GDPR. La Cookie se utiliza para almacenar el consentimiento del usuario para las Cookies en la categor\u00eda \"Funcional\".<\/td><\/tr><tr class=\"cookielawinfo-row\"><td class=\"cookielawinfo-column-1\">cookielawinfo-checkbox-necesaria<\/td><td class=\"cookielawinfo-column-4\">Esta Cookie est\u00e1 configurada por el plugin de Consentimiento de Cookies de GDPR. La Cookie se utiliza para almacenar el consentimiento del usuario para las Cookies en la categor\u00eda \"Necesaria\".<\/td><\/tr><tr class=\"cookielawinfo-row\"><td class=\"cookielawinfo-column-1\">cookielawinfo-checkbox-otra<\/td><td class=\"cookielawinfo-column-4\">Esta Cookie est\u00e1 configurada por el plugin de Consentimiento de Cookies de GDPR. La Cookie se utiliza para almacenar el consentimiento del usuario para las Cookies en la categor\u00eda \"Otra\".<\/td><\/tr><tr class=\"cookielawinfo-row\"><td class=\"cookielawinfo-column-1\">cookielawinfo-checkbox-publicitaria<\/td><td class=\"cookielawinfo-column-4\">Esta Cookie est\u00e1 configurada por el plugin de Consentimiento de Cookies de GDPR. La Cookie se utiliza para almacenar el consentimiento del usuario para las Cookies en la categor\u00eda \"Publicitaria\".<\/td><\/tr><tr class=\"cookielawinfo-row\"><td class=\"cookielawinfo-column-1\">cookielawinfo-checkbox-rendimiento<\/td><td class=\"cookielawinfo-column-4\">Esta Cookie est\u00e1 configurada por el plugin de Consentimiento de Cookies de GDPR. La Cookie se utiliza para almacenar el consentimiento del usuario para las Cookies en la categor\u00eda \"Rendimiento\".<\/td><\/tr><tr class=\"cookielawinfo-row\"><td class=\"cookielawinfo-column-1\">CookieLawInfoConsent<\/td><td class=\"cookielawinfo-column-4\">Esta Cookie est\u00e1 configurada por el plugin de Consentimiento de Cookies de GDPR y se utiliza para almacenar si el usuario ha dado su consentimiento o no para el uso de Cookies. No almacena ning\u00fan dato personal.<\/td><\/tr><tr class=\"cookielawinfo-row\"><td class=\"cookielawinfo-column-1\">viewed_cookie_policy<\/td><td class=\"cookielawinfo-column-4\">Esta Cookie est\u00e1 configurada por el plugin de Consentimiento de Cookies de GDPR y se utiliza para almacenar si el usuario ha dado su consentimiento o no para el uso de Cookies. No almacena ning\u00fan dato personal.<\/td><\/tr><tr class=\"cookielawinfo-row\"><td class=\"cookielawinfo-column-1\">_GRECAPTCHA<\/td><td class=\"cookielawinfo-column-4\">Esta Cookie es utilizada por ReCAPTCHA de Google. La funcionalidad es para proporcionar protecci\u00f3n contra correo no deseado.<\/td><\/tr><\/tbody><\/table>\n\n\n\n<h2 class=\"wp-block-heading\">\u00bfC\u00f3mo puedo controlar las preferencias de Cookies?<\/h2>\n\n\n\n<p>Si decide cambiar sus preferencias m\u00e1s tarde a trav\u00e9s de su sesi\u00f3n de navegaci\u00f3n, puede hacer clic en la pesta\u00f1a \u00abPol\u00edtica de Cookies\u00bb en su pantalla. Esto mostrar\u00e1 el aviso de consentimiento nuevamente, lo que le permitir\u00e1 cambiar sus preferencias o retirar su consentimiento por completo.<\/p>\n\n\n\n<p>Adem\u00e1s de esto, los diferentes navegadores brindan diferentes m\u00e9todos para bloquear y eliminar las Cookies utilizadas por los sitios web. Puede cambiar la configuraci\u00f3n de su navegador para bloquear\/eliminar las Cookies. Para obtener m\u00e1s informaci\u00f3n sobre c\u00f3mo administrar y eliminar Cookies, visite <a rel=\"noreferrer noopener\" href=\"https:\/\/www.wikipedia.org\" target=\"_blank\">wikipedia.org<\/a>, <a rel=\"noreferrer noopener\" href=\"http:\/\/www.allaboutcookies.org\" target=\"_blank\">www.allaboutcookies.org<\/a>.<\/p>\n","protected":false},"excerpt":{"rendered":"<p>Sobre esta Pol\u00edtica de Cookies Esta Pol\u00edtica de Cookies explica qu\u00e9 son las cookies y c\u00f3mo las usamos, los tipos de cookies que usamos, es decir, la informaci\u00f3n que recopilamos usando cookies y c\u00f3mo se usa esa informaci\u00f3n, y c\u00f3mo controlar las preferencias de Cookies. Para obtener m\u00e1s informaci\u00f3n sobre c\u00f3mo usamos, almacenamos y mantenemos&hellip;<\/p>\n","protected":false},"author":2,"featured_media":0,"parent":0,"menu_order":11,"comment_status":"closed","ping_status":"closed","template":"","meta":{"_acf_changed":false,"footnotes":""},"class_list":["post-5671","page","type-page","status-publish","hentry"],"acf":[],"yoast_head":"<!-- This site is optimized with the Yoast SEO plugin v27.4 - https:\/\/yoast.com\/product\/yoast-seo-wordpress\/ -->\n<title>Pol\u00edtica de cookies - ESSA - Arquitectura<\/title>\n<meta name=\"robots\" content=\"index, follow, max-snippet:-1, max-image-preview:large, max-video-preview:-1\" \/>\n<link rel=\"canonical\" href=\"https:\/\/essa.cat\/politica-de-cookies\/\" \/>\n<meta property=\"og:locale\" content=\"es_ES\" \/>\n<meta property=\"og:type\" content=\"article\" \/>\n<meta property=\"og:title\" content=\"Pol\u00edtica de cookies - ESSA - Arquitectura\" \/>\n<meta property=\"og:description\" content=\"Sobre esta Pol\u00edtica de Cookies Esta Pol\u00edtica de Cookies explica qu\u00e9 son las cookies y c\u00f3mo las usamos, los tipos de cookies que usamos, es decir, la informaci\u00f3n que recopilamos usando cookies y c\u00f3mo se usa esa informaci\u00f3n, y c\u00f3mo controlar las preferencias de Cookies. Para obtener m\u00e1s informaci\u00f3n sobre c\u00f3mo usamos, almacenamos y mantenemos&hellip;\" \/>\n<meta property=\"og:url\" content=\"https:\/\/essa.cat\/politica-de-cookies\/\" \/>\n<meta property=\"og:site_name\" content=\"ESSA - Arquitectura\" \/>\n<meta property=\"article:modified_time\" content=\"2023-10-20T15:12:27+00:00\" \/>\n<meta name=\"twitter:card\" content=\"summary_large_image\" \/>\n<meta name=\"twitter:site\" content=\"@essa_arq\" \/>\n<meta name=\"twitter:label1\" content=\"Tiempo de lectura\" \/>\n\t<meta name=\"twitter:data1\" content=\"3 minutos\" \/>\n<script type=\"application\/ld+json\" class=\"yoast-schema-graph\">{\"@context\":\"https:\\\/\\\/schema.org\",\"@graph\":[{\"@type\":\"WebPage\",\"@id\":\"https:\\\/\\\/essa.cat\\\/politica-de-cookies\\\/\",\"url\":\"https:\\\/\\\/essa.cat\\\/politica-de-cookies\\\/\",\"name\":\"Pol\u00edtica de cookies - ESSA - Arquitectura\",\"isPartOf\":{\"@id\":\"https:\\\/\\\/essa.cat\\\/#website\"},\"datePublished\":\"2022-08-12T11:38:05+00:00\",\"dateModified\":\"2023-10-20T15:12:27+00:00\",\"breadcrumb\":{\"@id\":\"https:\\\/\\\/essa.cat\\\/politica-de-cookies\\\/#breadcrumb\"},\"inLanguage\":\"es\",\"potentialAction\":[{\"@type\":\"ReadAction\",\"target\":[\"https:\\\/\\\/essa.cat\\\/politica-de-cookies\\\/\"]}]},{\"@type\":\"BreadcrumbList\",\"@id\":\"https:\\\/\\\/essa.cat\\\/politica-de-cookies\\\/#breadcrumb\",\"itemListElement\":[{\"@type\":\"ListItem\",\"position\":1,\"name\":\"Inici\",\"item\":\"https:\\\/\\\/essa.cat\\\/es\\\/\"},{\"@type\":\"ListItem\",\"position\":2,\"name\":\"Pol\u00edtica de cookies\"}]},{\"@type\":\"WebSite\",\"@id\":\"https:\\\/\\\/essa.cat\\\/#website\",\"url\":\"https:\\\/\\\/essa.cat\\\/\",\"name\":\"ESSA - Arquitectura\",\"description\":\"Sostenibilidad, Arte y Tecnolog\u00eda\",\"publisher\":{\"@id\":\"https:\\\/\\\/essa.cat\\\/#organization\"},\"potentialAction\":[{\"@type\":\"SearchAction\",\"target\":{\"@type\":\"EntryPoint\",\"urlTemplate\":\"https:\\\/\\\/essa.cat\\\/?s={search_term_string}\"},\"query-input\":{\"@type\":\"PropertyValueSpecification\",\"valueRequired\":true,\"valueName\":\"search_term_string\"}}],\"inLanguage\":\"es\"},{\"@type\":\"Organization\",\"@id\":\"https:\\\/\\\/essa.cat\\\/#organization\",\"name\":\"ESSA - Arquitectura\",\"url\":\"https:\\\/\\\/essa.cat\\\/\",\"logo\":{\"@type\":\"ImageObject\",\"inLanguage\":\"es\",\"@id\":\"https:\\\/\\\/essa.cat\\\/#\\\/schema\\\/logo\\\/image\\\/\",\"url\":\"http:\\\/\\\/www.essa.cat\\\/wp-content\\\/uploads\\\/2022\\\/08\\\/essa_arquitectura_og.jpg\",\"contentUrl\":\"http:\\\/\\\/www.essa.cat\\\/wp-content\\\/uploads\\\/2022\\\/08\\\/essa_arquitectura_og.jpg\",\"width\":400,\"height\":400,\"caption\":\"ESSA - Arquitectura\"},\"image\":{\"@id\":\"https:\\\/\\\/essa.cat\\\/#\\\/schema\\\/logo\\\/image\\\/\"},\"sameAs\":[\"https:\\\/\\\/x.com\\\/essa_arq\",\"https:\\\/\\\/www.instagram.com\\\/essa.arquitectura\\\/\"]}]}<\/script>\n<!-- \/ Yoast SEO plugin. -->","yoast_head_json":{"title":"Pol\u00edtica de cookies - ESSA - Arquitectura","robots":{"index":"index","follow":"follow","max-snippet":"max-snippet:-1","max-image-preview":"max-image-preview:large","max-video-preview":"max-video-preview:-1"},"canonical":"https:\/\/essa.cat\/politica-de-cookies\/","og_locale":"es_ES","og_type":"article","og_title":"Pol\u00edtica de cookies - ESSA - Arquitectura","og_description":"Sobre esta Pol\u00edtica de Cookies Esta Pol\u00edtica de Cookies explica qu\u00e9 son las cookies y c\u00f3mo las usamos, los tipos de cookies que usamos, es decir, la informaci\u00f3n que recopilamos usando cookies y c\u00f3mo se usa esa informaci\u00f3n, y c\u00f3mo controlar las preferencias de Cookies. Para obtener m\u00e1s informaci\u00f3n sobre c\u00f3mo usamos, almacenamos y mantenemos&hellip;","og_url":"https:\/\/essa.cat\/politica-de-cookies\/","og_site_name":"ESSA - Arquitectura","article_modified_time":"2023-10-20T15:12:27+00:00","twitter_card":"summary_large_image","twitter_site":"@essa_arq","twitter_misc":{"Tiempo de lectura":"3 minutos"},"schema":{"@context":"https:\/\/schema.org","@graph":[{"@type":"WebPage","@id":"https:\/\/essa.cat\/politica-de-cookies\/","url":"https:\/\/essa.cat\/politica-de-cookies\/","name":"Pol\u00edtica de cookies - ESSA - Arquitectura","isPartOf":{"@id":"https:\/\/essa.cat\/#website"},"datePublished":"2022-08-12T11:38:05+00:00","dateModified":"2023-10-20T15:12:27+00:00","breadcrumb":{"@id":"https:\/\/essa.cat\/politica-de-cookies\/#breadcrumb"},"inLanguage":"es","potentialAction":[{"@type":"ReadAction","target":["https:\/\/essa.cat\/politica-de-cookies\/"]}]},{"@type":"BreadcrumbList","@id":"https:\/\/essa.cat\/politica-de-cookies\/#breadcrumb","itemListElement":[{"@type":"ListItem","position":1,"name":"Inici","item":"https:\/\/essa.cat\/es\/"},{"@type":"ListItem","position":2,"name":"Pol\u00edtica de cookies"}]},{"@type":"WebSite","@id":"https:\/\/essa.cat\/#website","url":"https:\/\/essa.cat\/","name":"ESSA - Arquitectura","description":"Sostenibilidad, Arte y Tecnolog\u00eda","publisher":{"@id":"https:\/\/essa.cat\/#organization"},"potentialAction":[{"@type":"SearchAction","target":{"@type":"EntryPoint","urlTemplate":"https:\/\/essa.cat\/?s={search_term_string}"},"query-input":{"@type":"PropertyValueSpecification","valueRequired":true,"valueName":"search_term_string"}}],"inLanguage":"es"},{"@type":"Organization","@id":"https:\/\/essa.cat\/#organization","name":"ESSA - Arquitectura","url":"https:\/\/essa.cat\/","logo":{"@type":"ImageObject","inLanguage":"es","@id":"https:\/\/essa.cat\/#\/schema\/logo\/image\/","url":"http:\/\/www.essa.cat\/wp-content\/uploads\/2022\/08\/essa_arquitectura_og.jpg","contentUrl":"http:\/\/www.essa.cat\/wp-content\/uploads\/2022\/08\/essa_arquitectura_og.jpg","width":400,"height":400,"caption":"ESSA - Arquitectura"},"image":{"@id":"https:\/\/essa.cat\/#\/schema\/logo\/image\/"},"sameAs":["https:\/\/x.com\/essa_arq","https:\/\/www.instagram.com\/essa.arquitectura\/"]}]}},"_links":{"self":[{"href":"https:\/\/essa.cat\/es\/wp-json\/wp\/v2\/pages\/5671","targetHints":{"allow":["GET"]}}],"collection":[{"href":"https:\/\/essa.cat\/es\/wp-json\/wp\/v2\/pages"}],"about":[{"href":"https:\/\/essa.cat\/es\/wp-json\/wp\/v2\/types\/page"}],"author":[{"embeddable":true,"href":"https:\/\/essa.cat\/es\/wp-json\/wp\/v2\/users\/2"}],"replies":[{"embeddable":true,"href":"https:\/\/essa.cat\/es\/wp-json\/wp\/v2\/comments?post=5671"}],"version-history":[{"count":1,"href":"https:\/\/essa.cat\/es\/wp-json\/wp\/v2\/pages\/5671\/revisions"}],"predecessor-version":[{"id":6225,"href":"https:\/\/essa.cat\/es\/wp-json\/wp\/v2\/pages\/5671\/revisions\/6225"}],"wp:attachment":[{"href":"https:\/\/essa.cat\/es\/wp-json\/wp\/v2\/media?parent=5671"}],"curies":[{"name":"wp","href":"https:\/\/api.w.org\/{rel}","templated":true}]}}